{"id":49086,"date":"2026-02-10T11:39:47","date_gmt":"2026-02-10T11:39:47","guid":{"rendered":"https:\/\/xoticai-reviews.com\/?page_id=49086"},"modified":"2026-02-10T11:39:48","modified_gmt":"2026-02-10T11:39:48","slug":"affiliate-disclosure","status":"publish","type":"page","link":"https:\/\/xoticai-reviews.com\/fr\/affiliate-disclosure\/","title":{"rendered":"Divulgation de l'affiliation"},"content":{"rendered":"<p>xotic ai reviews est un site promotionnel qui vous aide \u00e0 trouver les meilleures applications pour petites amies. Certains des liens sur ce site sont des liens d'affiliation. Cela signifie que si vous cliquez sur ces liens et que vous vous inscrivez ou que vous effectuez un achat, nous pouvons recevoir une commission sans frais suppl\u00e9mentaires pour vous.<\/p>\n\n\n\n<p>Nous ne recommandons que les plateformes dont nous pensons qu'elles offrent de bonnes exp\u00e9riences \u00e0 notre communaut\u00e9. Votre confiance est importante pour nous, et nous voulons \u00eatre transparents sur nos partenariats d'affiliation.<\/p>\n\n\n\n<p>Si vous avez des questions concernant nos relations avec les affili\u00e9s, n'h\u00e9sitez pas \u00e0 nous contacter \u00e0 l'adresse suivante : [<a>contact@xoticai-reviews.com<\/a>].<\/p>\n\n\n\n<p><\/p>","protected":false},"excerpt":{"rendered":"<p>xotic ai reviews is a promotional website that helps you find the best ai girlfriend apps. Some of the links on this site are affiliate links. This means that if you click on these links and sign up or make a purchase, we may receive a commission at no additional cost to you. We only &#8230; <a title=\"Divulgation de l&#039;affiliation\" class=\"read-more\" href=\"https:\/\/xoticai-reviews.com\/fr\/affiliate-disclosure\/\" aria-label=\"En savoir plus sur Affiliate Disclosure\">Lire plus<\/a><\/p>","protected":false},"author":1,"featured_media":0,"parent":0,"menu_order":0,"comment_status":"closed","ping_status":"closed","template":"","meta":{"footnotes":""},"class_list":["post-49086","page","type-page","status-publish"],"_links":{"self":[{"href":"https:\/\/xoticai-reviews.com\/fr\/wp-json\/wp\/v2\/pages\/49086","targetHints":{"allow":["GET"]}}],"collection":[{"href":"https:\/\/xoticai-reviews.com\/fr\/wp-json\/wp\/v2\/pages"}],"about":[{"href":"https:\/\/xoticai-reviews.com\/fr\/wp-json\/wp\/v2\/types\/page"}],"author":[{"embeddable":true,"href":"https:\/\/xoticai-reviews.com\/fr\/wp-json\/wp\/v2\/users\/1"}],"replies":[{"embeddable":true,"href":"https:\/\/xoticai-reviews.com\/fr\/wp-json\/wp\/v2\/comments?post=49086"}],"version-history":[{"count":1,"href":"https:\/\/xoticai-reviews.com\/fr\/wp-json\/wp\/v2\/pages\/49086\/revisions"}],"predecessor-version":[{"id":49087,"href":"https:\/\/xoticai-reviews.com\/fr\/wp-json\/wp\/v2\/pages\/49086\/revisions\/49087"}],"wp:attachment":[{"href":"https:\/\/xoticai-reviews.com\/fr\/wp-json\/wp\/v2\/media?parent=49086"}],"curies":[{"name":"wp","href":"https:\/\/api.w.org\/{rel}","templated":true}]}}