{"id":49088,"date":"2026-02-10T11:40:50","date_gmt":"2026-02-10T11:40:50","guid":{"rendered":"https:\/\/xoticai-reviews.com\/?page_id=49088"},"modified":"2026-02-10T11:40:51","modified_gmt":"2026-02-10T11:40:51","slug":"legal-notice","status":"publish","type":"page","link":"https:\/\/xoticai-reviews.com\/fr\/legal-notice\/","title":{"rendered":"Avis juridique"},"content":{"rendered":"<p><strong>R\u00e9dacteur du site :<\/strong><br>Dhuamel Enzo<br>Auto-Entrepreneur<br>41 chemin de l'\u00e9cole vielle<br>06550 La Roquette-sur-Siagne<br>France<\/p>\n\n\n\n<p><strong>SIRET :<\/strong>&nbsp;889 999 306 00018<\/p>\n\n\n\n<p><strong>Contact :<\/strong>\u00a0<a>contact@xoticai-reviews.com<\/a><\/p>\n\n\n\n<p><strong>Fournisseur d'h\u00e9bergement :<\/strong><br>O2switch<br>222 Boulevard Gustave Flaubert<br>63000 Clermont-Ferrand<br>France<\/p>\n\n\n\n<p><strong>Directeur de la publication :<\/strong><br>Dhuamel Enzo<\/p>\n\n\n\n<p><strong>\u00c0 propos de ce site :<\/strong><br>Xotic Ai Reviews est un site promotionnel ind\u00e9pendant qui fournit des liens d'affiliation vers des sites d'amis. Nous ne poss\u00e9dons ni ne g\u00e9rons ces plateformes.<\/p>","protected":false},"excerpt":{"rendered":"<p>Site Editor:Dhuamel EnzoAuto-Entrepreneur41 chemin de l\u2019\u00e9cole vielle06550 La Roquette-sur-SiagneFrance SIRET:&nbsp;889 999 306 00018 Contact:\u00a0contact@xoticai-reviews.com Hosting Provider:O2switch222 Boulevard Gustave Flaubert63000 Clermont-FerrandFrance Director of Publication:Dhuamel Enzo About this site:Xotic Ai Reviews is an independent promotional website that provides affiliate links to ai girlfriend sites. We do not own or operate these platforms.<\/p>","protected":false},"author":1,"featured_media":0,"parent":0,"menu_order":0,"comment_status":"closed","ping_status":"closed","template":"","meta":{"footnotes":""},"class_list":["post-49088","page","type-page","status-publish"],"_links":{"self":[{"href":"https:\/\/xoticai-reviews.com\/fr\/wp-json\/wp\/v2\/pages\/49088","targetHints":{"allow":["GET"]}}],"collection":[{"href":"https:\/\/xoticai-reviews.com\/fr\/wp-json\/wp\/v2\/pages"}],"about":[{"href":"https:\/\/xoticai-reviews.com\/fr\/wp-json\/wp\/v2\/types\/page"}],"author":[{"embeddable":true,"href":"https:\/\/xoticai-reviews.com\/fr\/wp-json\/wp\/v2\/users\/1"}],"replies":[{"embeddable":true,"href":"https:\/\/xoticai-reviews.com\/fr\/wp-json\/wp\/v2\/comments?post=49088"}],"version-history":[{"count":1,"href":"https:\/\/xoticai-reviews.com\/fr\/wp-json\/wp\/v2\/pages\/49088\/revisions"}],"predecessor-version":[{"id":49089,"href":"https:\/\/xoticai-reviews.com\/fr\/wp-json\/wp\/v2\/pages\/49088\/revisions\/49089"}],"wp:attachment":[{"href":"https:\/\/xoticai-reviews.com\/fr\/wp-json\/wp\/v2\/media?parent=49088"}],"curies":[{"name":"wp","href":"https:\/\/api.w.org\/{rel}","templated":true}]}}