{"id":49090,"date":"2026-02-10T11:41:42","date_gmt":"2026-02-10T11:41:42","guid":{"rendered":"https:\/\/xoticai-reviews.com\/?page_id=49090"},"modified":"2026-02-10T11:41:43","modified_gmt":"2026-02-10T11:41:43","slug":"privacy-policy","status":"publish","type":"page","link":"https:\/\/xoticai-reviews.com\/fr\/privacy-policy\/","title":{"rendered":"Politique de confidentialit\u00e9"},"content":{"rendered":"<p>Xotic Ai Reviews respecte votre vie priv\u00e9e. Cette politique de confidentialit\u00e9 explique comment nous utilisons les donn\u00e9es sur notre site web.<\/p>\n\n\n\n<p><strong>Collecte des donn\u00e9es<\/strong><br>Nous ne recueillons pas d'informations personnelles telles que des noms ou des courriels. Cependant, nous utilisons Google Analytics pour suivre le trafic sur le site et am\u00e9liorer l'exp\u00e9rience des utilisateurs. Google Analytics collecte des cookies pour analyser la fa\u00e7on dont les visiteurs utilisent le site.<\/p>\n\n\n\n<p><strong>Cookies<\/strong><br>Notre site utilise uniquement des cookies li\u00e9s \u00e0 Google Analytics. Ces cookies ne stockent pas d'informations personnelles mais nous aident \u00e0 comprendre le comportement des visiteurs.<\/p>\n\n\n\n<p><strong>Services de tiers<\/strong><br>Nous utilisons O2switch comme fournisseur d'h\u00e9bergement. Google Analytics est un service tiers qui collecte des donn\u00e9es anonymes sur les visiteurs.<\/p>\n\n\n\n<p><strong>Vos droits<\/strong><br>Vous avez le droit d'acc\u00e9der \u00e0 vos donn\u00e9es collect\u00e9es par Google Analytics, de les modifier ou de les supprimer. Pour d\u00e9sactiver le suivi de Google Analytics, vous pouvez installer le module compl\u00e9mentaire de navigateur pour la d\u00e9sactivation de Google Analytics, disponible \u00e0 l'adresse suivante :&nbsp;<a>https:\/\/tools.google.com\/dlpage\/gaoptout\/<\/a><\/p>\n\n\n\n<p><strong>Contact<\/strong><br>Si vous avez des questions ou des demandes concernant vos donn\u00e9es ou la pr\u00e9sente politique de confidentialit\u00e9, veuillez nous contacter \u00e0 l'adresse suivante :\u00a0<a>contact@xoticai-reviews.com<\/a>.<\/p>\n\n\n\n<p><strong>Modifications de la pr\u00e9sente politique<\/strong><br>Nous pouvons mettre \u00e0 jour la pr\u00e9sente politique de confidentialit\u00e9 de temps \u00e0 autre. Les modifications seront publi\u00e9es sur cette page.<\/p>","protected":false},"excerpt":{"rendered":"<p>Xotic Ai Reviews respects your privacy. This Privacy Policy explains how we use data on our website. Data CollectionWe do not collect personal information such as names or emails. However, we use Google Analytics to track site traffic and improve user experience. Google Analytics collects cookies to analyze how visitors use the site. CookiesOur site &#8230; <a title=\"Politique de confidentialit\u00e9\" class=\"read-more\" href=\"https:\/\/xoticai-reviews.com\/fr\/privacy-policy\/\" aria-label=\"En savoir plus sur Privacy Policy\">Lire plus<\/a><\/p>","protected":false},"author":1,"featured_media":0,"parent":0,"menu_order":0,"comment_status":"closed","ping_status":"closed","template":"","meta":{"footnotes":""},"class_list":["post-49090","page","type-page","status-publish"],"_links":{"self":[{"href":"https:\/\/xoticai-reviews.com\/fr\/wp-json\/wp\/v2\/pages\/49090","targetHints":{"allow":["GET"]}}],"collection":[{"href":"https:\/\/xoticai-reviews.com\/fr\/wp-json\/wp\/v2\/pages"}],"about":[{"href":"https:\/\/xoticai-reviews.com\/fr\/wp-json\/wp\/v2\/types\/page"}],"author":[{"embeddable":true,"href":"https:\/\/xoticai-reviews.com\/fr\/wp-json\/wp\/v2\/users\/1"}],"replies":[{"embeddable":true,"href":"https:\/\/xoticai-reviews.com\/fr\/wp-json\/wp\/v2\/comments?post=49090"}],"version-history":[{"count":1,"href":"https:\/\/xoticai-reviews.com\/fr\/wp-json\/wp\/v2\/pages\/49090\/revisions"}],"predecessor-version":[{"id":49091,"href":"https:\/\/xoticai-reviews.com\/fr\/wp-json\/wp\/v2\/pages\/49090\/revisions\/49091"}],"wp:attachment":[{"href":"https:\/\/xoticai-reviews.com\/fr\/wp-json\/wp\/v2\/media?parent=49090"}],"curies":[{"name":"wp","href":"https:\/\/api.w.org\/{rel}","templated":true}]}}